{"id":86,"date":"2024-01-22T15:02:22","date_gmt":"2024-01-22T14:02:22","guid":{"rendered":"http:\/\/buero-pradel.de\/wordpress\/?page_id=86"},"modified":"2024-07-07T19:45:49","modified_gmt":"2024-07-07T17:45:49","slug":"2-landhausvilla","status":"publish","type":"page","link":"https:\/\/buero-pradel.de\/?page_id=86","title":{"rendered":"03 Stadtpalais"},"content":{"rendered":"<div id=\"pl-86\"  class=\"panel-layout\" ><div id=\"pg-86-0\"  class=\"panel-grid panel-no-style\" ><div id=\"pgc-86-0-0\"  class=\"panel-grid-cell\" ><div id=\"panel-86-0-0-0\" class=\"so-panel widget widget_sow-image panel-first-child panel-last-child\" data-index=\"0\" ><div\n\t\t\t\n\t\t\tclass=\"so-widget-sow-image so-widget-sow-image-default-8b5b6f678277-86\"\n\t\t\t\n\t\t>\n<div class=\"sow-image-container\">\n\t\t<img \n\tsrc=\"https:\/\/buero-pradel.de\/wp-content\/uploads\/2024\/04\/03-Stadtpalais_upscale.jpg\" width=\"2000\" height=\"1124\" srcset=\"https:\/\/buero-pradel.de\/wp-content\/uploads\/2024\/04\/03-Stadtpalais_upscale.jpg 2000w, https:\/\/buero-pradel.de\/wp-content\/uploads\/2024\/04\/03-Stadtpalais_upscale-300x169.jpg 300w, https:\/\/buero-pradel.de\/wp-content\/uploads\/2024\/04\/03-Stadtpalais_upscale-1024x575.jpg 1024w, https:\/\/buero-pradel.de\/wp-content\/uploads\/2024\/04\/03-Stadtpalais_upscale-768x432.jpg 768w, https:\/\/buero-pradel.de\/wp-content\/uploads\/2024\/04\/03-Stadtpalais_upscale-1536x863.jpg 1536w\" sizes=\"(max-width: 2000px) 100vw, 2000px\" title=\"03 Stadtpalais_upscale\" alt=\"\" \t\tclass=\"so-widget-image\"\/>\n\t<\/div>\n\n<\/div><\/div><\/div><div id=\"pgc-86-0-1\"  class=\"panel-grid-cell\" ><div id=\"panel-86-0-1-0\" class=\"so-panel widget widget_sow-editor panel-first-child panel-last-child\" data-index=\"1\" ><div\n\t\t\t\n\t\t\tclass=\"so-widget-sow-editor so-widget-sow-editor-base\"\n\t\t\t\n\t\t>\n<div class=\"siteorigin-widget-tinymce textwidget\">\n\t\n<table id=\"tablepress-3\" class=\"tablepress tablepress-id-3 table_buero_pradel\">\n<tbody>\n<tr class=\"row-1\">\n\t<td class=\"column-1\"><strong>STADTPALAIS<\/td><td class=\"column-2\"><strong><\/td>\n<\/tr>\n<tr class=\"row-2\">\n\t<td class=\"column-1\">Baujahr<\/td><td class=\"column-2\">1733 als Prinzessinnenpalais; nach Zerst\u00f6rung 1963-64 wiedererrichtet als Operncafe (denkmalgesch\u00fctzt)<\/td>\n<\/tr>\n<tr class=\"row-3\">\n\t<td class=\"column-1\">Architekt<\/td><td class=\"column-2\">Friedrich Wilhelm Diterichs 1733; Wiederaufbau Paulick 1964<\/td>\n<\/tr>\n<tr class=\"row-4\">\n\t<td class=\"column-1\">Stadtteil<\/td><td class=\"column-2\">Berlin-Mitte<\/td>\n<\/tr>\n<tr class=\"row-5\">\n\t<td class=\"column-1\">Eigent\u00fcmer<\/td><td class=\"column-2\">privat<\/td>\n<\/tr>\n<tr class=\"row-6\">\n\t<td class=\"column-1\">Nutzung<\/td><td class=\"column-2\">(vormals Caf\u00e9 und Restaurantbetrieb, Eventr\u00e4ume)<br \/>\nKunsthalle mit Galerie und Ausstellungsr\u00e4umen; Wohnappartement<\/td>\n<\/tr>\n<tr class=\"row-7\">\n\t<td class=\"column-1\">Leistung<\/td><td class=\"column-2\">Verschiedene Nutzungskonzeptionen; Objektplanung und Bau\u00fcberwachung 2016-2018<br \/>\nBestandsaufma\u00df des Objektes, Nutzungsspezifische Studien zur Wohnnutzung, gastronomische Nutzung, Galerie- und Ausstellungsr\u00e4umlichkeiten; Bauaufsichtliche und Denkmalrechtliche<br \/>\nGenehmigung zur Umnutzung; Objekt- und Ausf\u00fchrungsplanung, Ausschreibung; Bauleitung und Baubetreuung<\/td>\n<\/tr>\n<\/tbody>\n<\/table>\n<!-- #tablepress-3 from cache -->\n<\/div>\n<\/div><\/div><\/div><\/div><div id=\"pg-86-1\"  class=\"panel-grid panel-no-style\" ><div id=\"pgc-86-1-0\"  class=\"panel-grid-cell\" ><div id=\"panel-86-1-0-0\" class=\"so-panel widget widget_ngg-images ngg_images panel-first-child panel-last-child\" data-index=\"2\"><div class=\"hslice\" id=\"ngg-webslice\"><h3 class=\"entry-title widget-title\">&nbsp;<\/h3><div class=\"ngg-widget entry-content\">\n\t\t\t<a href=\"https:\/\/buero-pradel.de\/wp-content\/gallery\/03\/03b-Stadtpalais.jpg\"\n\t\t\ttitle=\" \"\n\t\t\tdata-image-id='22'\n\t\t\t\t\t\t\t\t\t\t\t\t\t\t\tclass=\"ngg-simplelightbox\" rel=\"4cf9752132422e7bfa615c8477976856\"\t\t\t><img title=\"03b-Stadtpalais\"\n\t\t\t\talt=\"03b-Stadtpalais\"\n\t\t\t\tsrc=\"https:\/\/buero-pradel.de\/wp-content\/gallery\/03\/thumbs\/thumbs-03b-Stadtpalais.jpg\"\n\t\t\t\twidth=\"300\"\n\t\t\t\theight=\"225\"\n\t\t\t\/><\/a>\n\t\t\t<a href=\"https:\/\/buero-pradel.de\/wp-content\/gallery\/03\/03c-Stadtpalais.jpg\"\n\t\t\ttitle=\" \"\n\t\t\tdata-image-id='23'\n\t\t\t\t\t\t\t\t\t\t\t\t\t\t\tclass=\"ngg-simplelightbox\" rel=\"4cf9752132422e7bfa615c8477976856\"\t\t\t><img title=\"03c-Stadtpalais\"\n\t\t\t\talt=\"03c-Stadtpalais\"\n\t\t\t\tsrc=\"https:\/\/buero-pradel.de\/wp-content\/gallery\/03\/thumbs\/thumbs-03c-Stadtpalais.jpg\"\n\t\t\t\twidth=\"300\"\n\t\t\t\theight=\"225\"\n\t\t\t\/><\/a>\n\t\t\t<a href=\"https:\/\/buero-pradel.de\/wp-content\/gallery\/03\/03a-Stadtpalais-scaled.jpg\"\n\t\t\ttitle=\" \"\n\t\t\tdata-image-id='21'\n\t\t\t\t\t\t\t\t\t\t\t\t\t\t\tclass=\"ngg-simplelightbox\" rel=\"4cf9752132422e7bfa615c8477976856\"\t\t\t><img title=\"03a-Stadtpalais-scaled\"\n\t\t\t\talt=\"03a-Stadtpalais-scaled\"\n\t\t\t\tsrc=\"https:\/\/buero-pradel.de\/wp-content\/gallery\/03\/thumbs\/thumbs-03a-Stadtpalais-scaled.jpg\"\n\t\t\t\twidth=\"300\"\n\t\t\t\theight=\"225\"\n\t\t\t\/><\/a>\n\t<\/div>\n\n<\/div><\/div><\/div><\/div><\/div>","protected":false},"excerpt":{"rendered":"<p>STADTPALAIS Baujahr1733 als Prinzessinnenpalais; nach Zerst\u00f6rung 1963-64 wiedererrichtet als Operncafe (denkmalgesch\u00fctzt) ArchitektFriedrich Wilhelm Diterichs 1733; Wiederaufbau Paulick 1964 StadtteilBerlin-Mitte Eigent\u00fcmerprivat Nutzung(vormals Caf\u00e9 und Restaurantbetrieb, Eventr\u00e4ume) Kunsthalle mit Galerie und Ausstellungsr\u00e4umen; Wohnappartement LeistungVerschiedene Nutzungskonzeptionen; Objektplanung und Bau\u00fcberwachung 2016-2018 Bestandsaufma\u00df des Objektes, Nutzungsspezifische Studien zur Wohnnutzung, gastronomische Nutzung, Galerie- und Ausstellungsr\u00e4umlichkeiten; Bauaufsichtliche und Denkmalrechtliche Genehmigung zur Umnutzung; [&hellip;]<\/p>\n","protected":false},"author":1,"featured_media":0,"parent":0,"menu_order":0,"comment_status":"closed","ping_status":"closed","template":"templates\/template-full.php","meta":{"ngg_post_thumbnail":0,"footnotes":""},"class_list":["post-86","page","type-page","status-publish","hentry","post"],"_links":{"self":[{"href":"https:\/\/buero-pradel.de\/index.php?rest_route=\/wp\/v2\/pages\/86","targetHints":{"allow":["GET"]}}],"collection":[{"href":"https:\/\/buero-pradel.de\/index.php?rest_route=\/wp\/v2\/pages"}],"about":[{"href":"https:\/\/buero-pradel.de\/index.php?rest_route=\/wp\/v2\/types\/page"}],"author":[{"embeddable":true,"href":"https:\/\/buero-pradel.de\/index.php?rest_route=\/wp\/v2\/users\/1"}],"replies":[{"embeddable":true,"href":"https:\/\/buero-pradel.de\/index.php?rest_route=%2Fwp%2Fv2%2Fcomments&post=86"}],"version-history":[{"count":44,"href":"https:\/\/buero-pradel.de\/index.php?rest_route=\/wp\/v2\/pages\/86\/revisions"}],"predecessor-version":[{"id":649,"href":"https:\/\/buero-pradel.de\/index.php?rest_route=\/wp\/v2\/pages\/86\/revisions\/649"}],"wp:attachment":[{"href":"https:\/\/buero-pradel.de\/index.php?rest_route=%2Fwp%2Fv2%2Fmedia&parent=86"}],"curies":[{"name":"wp","href":"https:\/\/api.w.org\/{rel}","templated":true}]}}