{"id":499,"date":"2024-04-24T11:50:34","date_gmt":"2024-04-24T09:50:34","guid":{"rendered":"http:\/\/buero-pradel.de\/wordpress\/?page_id=499"},"modified":"2024-04-24T11:58:26","modified_gmt":"2024-04-24T09:58:26","slug":"8-buergerliches-wohnhaus","status":"publish","type":"page","link":"https:\/\/buero-pradel.de\/?page_id=499","title":{"rendered":"08 B\u00dcRGERLICHES WOHNHAUS"},"content":{"rendered":"<div id=\"pl-499\"  class=\"panel-layout\" ><div id=\"pg-499-0\"  class=\"panel-grid panel-no-style\" ><div id=\"pgc-499-0-0\"  class=\"panel-grid-cell\" ><div id=\"panel-499-0-0-0\" class=\"so-panel widget widget_sow-image panel-first-child panel-last-child\" data-index=\"0\" ><div\n\t\t\t\n\t\t\tclass=\"so-widget-sow-image so-widget-sow-image-default-8b5b6f678277-499\"\n\t\t\t\n\t\t>\n<div class=\"sow-image-container\">\n\t\t<img \n\tsrc=\"https:\/\/buero-pradel.de\/wp-content\/uploads\/2024\/04\/08-Stadtvilla_upscale.jpg\" width=\"2000\" height=\"1124\" srcset=\"https:\/\/buero-pradel.de\/wp-content\/uploads\/2024\/04\/08-Stadtvilla_upscale.jpg 2000w, https:\/\/buero-pradel.de\/wp-content\/uploads\/2024\/04\/08-Stadtvilla_upscale-300x169.jpg 300w, https:\/\/buero-pradel.de\/wp-content\/uploads\/2024\/04\/08-Stadtvilla_upscale-1024x575.jpg 1024w, https:\/\/buero-pradel.de\/wp-content\/uploads\/2024\/04\/08-Stadtvilla_upscale-768x432.jpg 768w, https:\/\/buero-pradel.de\/wp-content\/uploads\/2024\/04\/08-Stadtvilla_upscale-1536x863.jpg 1536w\" sizes=\"(max-width: 2000px) 100vw, 2000px\" title=\"8-Stadtvilla_upscale\" alt=\"\" \t\tclass=\"so-widget-image\"\/>\n\t<\/div>\n\n<\/div><\/div><\/div><div id=\"pgc-499-0-1\"  class=\"panel-grid-cell\" ><div id=\"panel-499-0-1-0\" class=\"so-panel widget widget_sow-editor panel-first-child panel-last-child\" data-index=\"1\" ><div\n\t\t\t\n\t\t\tclass=\"so-widget-sow-editor so-widget-sow-editor-base\"\n\t\t\t\n\t\t>\n<div class=\"siteorigin-widget-tinymce textwidget\">\n\t\n<table id=\"tablepress-8\" class=\"tablepress tablepress-id-8 table_buero_pradel\">\n<tbody>\n<tr class=\"row-1\">\n\t<td class=\"column-1\"><strong>B\u00dcRGERLICHES WOHNHAUS<\/td><td class=\"column-2\"><strong><\/td>\n<\/tr>\n<tr class=\"row-2\">\n\t<td class=\"column-1\">Baujahr<\/td><td class=\"column-2\">um 1920 Wohnhaus (denkmalgesch\u00fctzt)<\/td>\n<\/tr>\n<tr class=\"row-3\">\n\t<td class=\"column-1\">Stadtteil<\/td><td class=\"column-2\">Potsdam-Babelsberg<\/td>\n<\/tr>\n<tr class=\"row-4\">\n\t<td class=\"column-1\">Eigent\u00fcmer<\/td><td class=\"column-2\">privat<\/td>\n<\/tr>\n<tr class=\"row-5\">\n\t<td class=\"column-1\">Nutzung<\/td><td class=\"column-2\">Wohnhaus mit Gartenanlage<\/td>\n<\/tr>\n<tr class=\"row-6\">\n\t<td class=\"column-1\">Leistung<\/td><td class=\"column-2\">Objektplanung und Bauleitung Innenausbau und \u00c4u\u00dfere H\u00fclle 2001<br \/>\nObjektplanung; Denkmalrechtliche Genehmigung; Ausf\u00fchrungsplanung, Ausschreibung; Bauleitung und Baubetreuung<\/td>\n<\/tr>\n<\/tbody>\n<\/table>\n<!-- #tablepress-8 from cache -->\n<\/div>\n<\/div><\/div><\/div><\/div><div id=\"pg-499-1\"  class=\"panel-grid panel-no-style\" ><div id=\"pgc-499-1-0\"  class=\"panel-grid-cell\" ><div id=\"panel-499-1-0-0\" class=\"so-panel widget widget_ngg-images ngg_images panel-first-child panel-last-child\" data-index=\"2\"><div class=\"hslice\" id=\"ngg-webslice\"><h3 class=\"entry-title widget-title\">&nbsp;<\/h3><div class=\"ngg-widget entry-content\">\n\t\t\t<a href=\"https:\/\/buero-pradel.de\/wp-content\/gallery\/08\/08-Stadtvilla_upscale.jpg\"\n\t\t\ttitle=\" \"\n\t\t\tdata-image-id='30'\n\t\t\t\t\t\t\t\t\t\t\t\t\t\t\tclass=\"ngg-simplelightbox\" rel=\"8d9537f87d0b0c13cda3e6f982d6cf6b\"\t\t\t><img title=\"OLYMPUS DIGITAL CAMERA\"\n\t\t\t\talt=\"OLYMPUS DIGITAL CAMERA\"\n\t\t\t\tsrc=\"https:\/\/buero-pradel.de\/wp-content\/gallery\/08\/thumbs\/thumbs-08-Stadtvilla_upscale.jpg\"\n\t\t\t\twidth=\"300\"\n\t\t\t\theight=\"225\"\n\t\t\t\/><\/a>\n\t<\/div>\n\n<\/div><\/div><\/div><\/div><\/div>","protected":false},"excerpt":{"rendered":"<p>B\u00dcRGERLICHES WOHNHAUS Baujahrum 1920 Wohnhaus (denkmalgesch\u00fctzt) StadtteilPotsdam-Babelsberg Eigent\u00fcmerprivat NutzungWohnhaus mit Gartenanlage LeistungObjektplanung und Bauleitung Innenausbau und \u00c4u\u00dfere H\u00fclle 2001 Objektplanung; Denkmalrechtliche Genehmigung; Ausf\u00fchrungsplanung, Ausschreibung; Bauleitung und Baubetreuung &nbsp;<\/p>\n","protected":false},"author":1,"featured_media":0,"parent":0,"menu_order":0,"comment_status":"closed","ping_status":"closed","template":"templates\/template-full.php","meta":{"ngg_post_thumbnail":0,"footnotes":""},"class_list":["post-499","page","type-page","status-publish","hentry","post"],"_links":{"self":[{"href":"https:\/\/buero-pradel.de\/index.php?rest_route=\/wp\/v2\/pages\/499","targetHints":{"allow":["GET"]}}],"collection":[{"href":"https:\/\/buero-pradel.de\/index.php?rest_route=\/wp\/v2\/pages"}],"about":[{"href":"https:\/\/buero-pradel.de\/index.php?rest_route=\/wp\/v2\/types\/page"}],"author":[{"embeddable":true,"href":"https:\/\/buero-pradel.de\/index.php?rest_route=\/wp\/v2\/users\/1"}],"replies":[{"embeddable":true,"href":"https:\/\/buero-pradel.de\/index.php?rest_route=%2Fwp%2Fv2%2Fcomments&post=499"}],"version-history":[{"count":3,"href":"https:\/\/buero-pradel.de\/index.php?rest_route=\/wp\/v2\/pages\/499\/revisions"}],"predecessor-version":[{"id":518,"href":"https:\/\/buero-pradel.de\/index.php?rest_route=\/wp\/v2\/pages\/499\/revisions\/518"}],"wp:attachment":[{"href":"https:\/\/buero-pradel.de\/index.php?rest_route=%2Fwp%2Fv2%2Fmedia&parent=499"}],"curies":[{"name":"wp","href":"https:\/\/api.w.org\/{rel}","templated":true}]}}