{"id":380,"date":"2024-04-18T14:18:52","date_gmt":"2024-04-18T12:18:52","guid":{"rendered":"http:\/\/buero-pradel.de\/wordpress\/?page_id=380"},"modified":"2024-04-24T11:57:34","modified_gmt":"2024-04-24T09:57:34","slug":"4-stadtvilla","status":"publish","type":"page","link":"https:\/\/buero-pradel.de\/?page_id=380","title":{"rendered":"04 Stadtvilla"},"content":{"rendered":"<div id=\"pl-380\"  class=\"panel-layout\" ><div id=\"pg-380-0\"  class=\"panel-grid panel-no-style\" ><div id=\"pgc-380-0-0\"  class=\"panel-grid-cell\" ><div id=\"panel-380-0-0-0\" class=\"so-panel widget widget_sow-image panel-first-child panel-last-child\" data-index=\"0\" ><div\n\t\t\t\n\t\t\tclass=\"so-widget-sow-image so-widget-sow-image-default-8b5b6f678277-380\"\n\t\t\t\n\t\t>\n<div class=\"sow-image-container\">\n\t\t<img \n\tsrc=\"https:\/\/buero-pradel.de\/wp-content\/uploads\/2024\/04\/04-Stadtvilla_upscale.jpg\" width=\"2000\" height=\"1124\" srcset=\"https:\/\/buero-pradel.de\/wp-content\/uploads\/2024\/04\/04-Stadtvilla_upscale.jpg 2000w, https:\/\/buero-pradel.de\/wp-content\/uploads\/2024\/04\/04-Stadtvilla_upscale-300x169.jpg 300w, https:\/\/buero-pradel.de\/wp-content\/uploads\/2024\/04\/04-Stadtvilla_upscale-1024x575.jpg 1024w, https:\/\/buero-pradel.de\/wp-content\/uploads\/2024\/04\/04-Stadtvilla_upscale-768x432.jpg 768w, https:\/\/buero-pradel.de\/wp-content\/uploads\/2024\/04\/04-Stadtvilla_upscale-1536x863.jpg 1536w\" sizes=\"(max-width: 2000px) 100vw, 2000px\" title=\"04 Stadtvilla_upscale\" alt=\"\" \t\tclass=\"so-widget-image\"\/>\n\t<\/div>\n\n<\/div><\/div><\/div><div id=\"pgc-380-0-1\"  class=\"panel-grid-cell\" ><div id=\"panel-380-0-1-0\" class=\"so-panel widget widget_sow-editor panel-first-child panel-last-child\" data-index=\"1\" ><div\n\t\t\t\n\t\t\tclass=\"so-widget-sow-editor so-widget-sow-editor-base\"\n\t\t\t\n\t\t>\n<div class=\"siteorigin-widget-tinymce textwidget\">\n\t\n<table id=\"tablepress-4\" class=\"tablepress tablepress-id-4 table_buero_pradel\">\n<tbody>\n<tr class=\"row-1\">\n\t<td class=\"column-1\"><strong>STADTVILLA<\/td><td class=\"column-2\"><strong><\/td>\n<\/tr>\n<tr class=\"row-2\">\n\t<td class=\"column-1\">Baujahr<\/td><td class=\"column-2\">1875 Wohnhaus der Familie Wollner (denkmalgesch\u00fctzt)<\/td>\n<\/tr>\n<tr class=\"row-3\">\n\t<td class=\"column-1\">Architekt<\/td><td class=\"column-2\">Herrman Wollner und Ernst Petzholtz<\/td>\n<\/tr>\n<tr class=\"row-4\">\n\t<td class=\"column-1\">Stadtteil<\/td><td class=\"column-2\">Potsdam-Stadt<\/td>\n<\/tr>\n<tr class=\"row-5\">\n\t<td class=\"column-1\">Eigent\u00fcmer<\/td><td class=\"column-2\">privat<\/td>\n<\/tr>\n<tr class=\"row-6\">\n\t<td class=\"column-1\">Nutzung<\/td><td class=\"column-2\">Wohnhaus mit Gartenanlage und Einfriedung<\/td>\n<\/tr>\n<tr class=\"row-7\">\n\t<td class=\"column-1\">Leistung<\/td><td class=\"column-2\">R\u00fcckbau des Mehrfamilienhauses; Objektplanung und Bauleitung Innenausbau und \u00c4u\u00dfere H\u00fclle 2019-2022<br \/>\nBestandserfassung; R\u00fcckbau historischer Grundrisse und Wiederherstellung zerst\u00f6rter Fassaden, Objektplanung; Bau- und Denkmalrechtliche Genehmigung; Ausf\u00fchrungsplanung, Ausschreibung; Bauleitung und Baubetreuung<\/td>\n<\/tr>\n<\/tbody>\n<\/table>\n<!-- #tablepress-4 from cache -->\n<\/div>\n<\/div><\/div><\/div><\/div><div id=\"pg-380-1\"  class=\"panel-grid panel-no-style\" ><div id=\"pgc-380-1-0\"  class=\"panel-grid-cell\" ><div id=\"panel-380-1-0-0\" class=\"so-panel widget widget_ngg-images ngg_images panel-first-child panel-last-child\" data-index=\"2\"><div class=\"hslice\" id=\"ngg-webslice\"><h3 class=\"entry-title widget-title\">&nbsp;<\/h3><div class=\"ngg-widget entry-content\">\n\t\t\t<a href=\"https:\/\/buero-pradel.de\/wp-content\/gallery\/04\/04b-Stadtvilla-scaled.jpg\"\n\t\t\ttitle=\" \"\n\t\t\tdata-image-id='24'\n\t\t\t\t\t\t\t\t\t\t\t\t\t\t\tclass=\"ngg-simplelightbox\" rel=\"680bf556d8cd3283c053aca07579406d\"\t\t\t><img title=\"04b-Stadtvilla-scaled\"\n\t\t\t\talt=\"04b-Stadtvilla-scaled\"\n\t\t\t\tsrc=\"https:\/\/buero-pradel.de\/wp-content\/gallery\/04\/thumbs\/thumbs-04b-Stadtvilla-scaled.jpg\"\n\t\t\t\twidth=\"300\"\n\t\t\t\theight=\"225\"\n\t\t\t\/><\/a>\n\t\t\t<a href=\"https:\/\/buero-pradel.de\/wp-content\/gallery\/04\/04a-Stadtvilla-scaled.jpg\"\n\t\t\ttitle=\" \"\n\t\t\tdata-image-id='25'\n\t\t\t\t\t\t\t\t\t\t\t\t\t\t\tclass=\"ngg-simplelightbox\" rel=\"680bf556d8cd3283c053aca07579406d\"\t\t\t><img title=\"04a-Stadtvilla-scaled\"\n\t\t\t\talt=\"04a-Stadtvilla-scaled\"\n\t\t\t\tsrc=\"https:\/\/buero-pradel.de\/wp-content\/gallery\/04\/thumbs\/thumbs-04a-Stadtvilla-scaled.jpg\"\n\t\t\t\twidth=\"300\"\n\t\t\t\theight=\"225\"\n\t\t\t\/><\/a>\n\t<\/div>\n\n<\/div><\/div><\/div><\/div><\/div>","protected":false},"excerpt":{"rendered":"<p>STADTVILLA Baujahr1875 Wohnhaus der Familie Wollner (denkmalgesch\u00fctzt) ArchitektHerrman Wollner und Ernst Petzholtz StadtteilPotsdam-Stadt Eigent\u00fcmerprivat NutzungWohnhaus mit Gartenanlage und Einfriedung LeistungR\u00fcckbau des Mehrfamilienhauses; Objektplanung und Bauleitung Innenausbau und \u00c4u\u00dfere H\u00fclle 2019-2022 Bestandserfassung; R\u00fcckbau historischer Grundrisse und Wiederherstellung zerst\u00f6rter Fassaden, Objektplanung; Bau- und Denkmalrechtliche Genehmigung; Ausf\u00fchrungsplanung, Ausschreibung; Bauleitung und Baubetreuung &nbsp;<\/p>\n","protected":false},"author":1,"featured_media":0,"parent":0,"menu_order":0,"comment_status":"closed","ping_status":"closed","template":"templates\/template-full.php","meta":{"ngg_post_thumbnail":0,"footnotes":""},"class_list":["post-380","page","type-page","status-publish","hentry","post"],"_links":{"self":[{"href":"https:\/\/buero-pradel.de\/index.php?rest_route=\/wp\/v2\/pages\/380","targetHints":{"allow":["GET"]}}],"collection":[{"href":"https:\/\/buero-pradel.de\/index.php?rest_route=\/wp\/v2\/pages"}],"about":[{"href":"https:\/\/buero-pradel.de\/index.php?rest_route=\/wp\/v2\/types\/page"}],"author":[{"embeddable":true,"href":"https:\/\/buero-pradel.de\/index.php?rest_route=\/wp\/v2\/users\/1"}],"replies":[{"embeddable":true,"href":"https:\/\/buero-pradel.de\/index.php?rest_route=%2Fwp%2Fv2%2Fcomments&post=380"}],"version-history":[{"count":9,"href":"https:\/\/buero-pradel.de\/index.php?rest_route=\/wp\/v2\/pages\/380\/revisions"}],"predecessor-version":[{"id":514,"href":"https:\/\/buero-pradel.de\/index.php?rest_route=\/wp\/v2\/pages\/380\/revisions\/514"}],"wp:attachment":[{"href":"https:\/\/buero-pradel.de\/index.php?rest_route=%2Fwp%2Fv2%2Fmedia&parent=380"}],"curies":[{"name":"wp","href":"https:\/\/api.w.org\/{rel}","templated":true}]}}