{"id":369,"date":"2024-04-18T14:08:13","date_gmt":"2024-04-18T12:08:13","guid":{"rendered":"http:\/\/buero-pradel.de\/wordpress\/?page_id=369"},"modified":"2024-04-24T11:56:57","modified_gmt":"2024-04-24T09:56:57","slug":"1-turmvilla","status":"publish","type":"page","link":"https:\/\/buero-pradel.de\/?page_id=369","title":{"rendered":"01 Turmvilla"},"content":{"rendered":"<div id=\"pl-369\"  class=\"panel-layout\" ><div id=\"pg-369-0\"  class=\"panel-grid panel-no-style\" ><div id=\"pgc-369-0-0\"  class=\"panel-grid-cell\" ><div id=\"panel-369-0-0-0\" class=\"so-panel widget widget_sow-image panel-first-child panel-last-child\" data-index=\"0\" ><div\n\t\t\t\n\t\t\tclass=\"so-widget-sow-image so-widget-sow-image-default-8b5b6f678277-369\"\n\t\t\t\n\t\t>\n<div class=\"sow-image-container\">\n\t\t<img \n\tsrc=\"https:\/\/buero-pradel.de\/wp-content\/uploads\/2024\/04\/01-Turmvilla_upscale.jpg\" width=\"2000\" height=\"1126\" srcset=\"https:\/\/buero-pradel.de\/wp-content\/uploads\/2024\/04\/01-Turmvilla_upscale.jpg 2000w, https:\/\/buero-pradel.de\/wp-content\/uploads\/2024\/04\/01-Turmvilla_upscale-300x169.jpg 300w, https:\/\/buero-pradel.de\/wp-content\/uploads\/2024\/04\/01-Turmvilla_upscale-1024x577.jpg 1024w, https:\/\/buero-pradel.de\/wp-content\/uploads\/2024\/04\/01-Turmvilla_upscale-768x432.jpg 768w, https:\/\/buero-pradel.de\/wp-content\/uploads\/2024\/04\/01-Turmvilla_upscale-1536x865.jpg 1536w\" sizes=\"(max-width: 2000px) 100vw, 2000px\" title=\"01 Turmvilla_upscale\" alt=\"\" \t\tclass=\"so-widget-image\"\/>\n\t<\/div>\n\n<\/div><\/div><\/div><div id=\"pgc-369-0-1\"  class=\"panel-grid-cell\" ><div id=\"panel-369-0-1-0\" class=\"so-panel widget widget_sow-editor panel-first-child panel-last-child\" data-index=\"1\" ><div\n\t\t\t\n\t\t\tclass=\"so-widget-sow-editor so-widget-sow-editor-base\"\n\t\t\t\n\t\t>\n<div class=\"siteorigin-widget-tinymce textwidget\">\n\t\n<table id=\"tablepress-1\" class=\"tablepress tablepress-id-1 table_buero_pradel\">\n<tbody>\n<tr class=\"row-1\">\n\t<td class=\"column-1\"><strong>Turmvilla<\/td><td class=\"column-2\"><strong><\/td>\n<\/tr>\n<tr class=\"row-2\">\n\t<td class=\"column-1\">Baujahr<\/td><td class=\"column-2\">1868-1870 als Villa Henckel (denkmalgesch\u00fctzt)<\/td>\n<\/tr>\n<tr class=\"row-3\">\n\t<td class=\"column-1\">Architekt<\/td><td class=\"column-2\">Eduard Titz, Friedrich Ernst Petzholtz<\/td>\n<\/tr>\n<tr class=\"row-4\">\n\t<td class=\"column-1\">Stadtteil<\/td><td class=\"column-2\">Potsdam-Stadt<\/td>\n<\/tr>\n<tr class=\"row-5\">\n\t<td class=\"column-1\">Eigent\u00fcmer<\/td><td class=\"column-2\">privat<\/td>\n<\/tr>\n<tr class=\"row-6\">\n\t<td class=\"column-1\">Nutzung<\/td><td class=\"column-2\">(vormals Pflegeheim) Villa mit Ausstellungs- und Wohnr\u00e4umen<\/td>\n<\/tr>\n<tr class=\"row-7\">\n\t<td class=\"column-1\">Leistung<\/td><td class=\"column-2\">Objektplanung und Bauleitung Innenausbau, Technische Anlagen und \u00c4u\u00dfere H\u00fclle von 2012-2014<br \/>\nBestandsaufma\u00df; Machbarkeitsstudien f\u00fcr unterschiedliche Nutzungsarten; Bauaufsichtliche und Denkmalrechtliche Genehmigung Umnutzung zum Wohnhaus; Ausf\u00fchrungsplanung, Ausschreibung; Bauleitung und Baubetreuung; Haupt- und Nebengeb\u00e4ude sowei Einfriedungen<\/td>\n<\/tr>\n<\/tbody>\n<\/table>\n<!-- #tablepress-1 from cache -->\n<\/div>\n<\/div><\/div><\/div><\/div><div id=\"pg-369-1\"  class=\"panel-grid panel-no-style\" ><div id=\"pgc-369-1-0\"  class=\"panel-grid-cell\" ><div id=\"panel-369-1-0-0\" class=\"so-panel widget widget_ngg-images ngg_images panel-first-child panel-last-child\" data-index=\"2\"><div class=\"hslice\" id=\"ngg-webslice\"><h3 class=\"entry-title widget-title\">&nbsp;<\/h3><div class=\"ngg-widget entry-content\">\n\t\t\t<a href=\"https:\/\/buero-pradel.de\/wp-content\/gallery\/01\/01b-Turmvilla-scaled.jpg\"\n\t\t\ttitle=\" \"\n\t\t\tdata-image-id='17'\n\t\t\t\t\t\t\t\t\t\t\t\t\t\t\tclass=\"ngg-simplelightbox\" rel=\"1865443044e8a87bd12d1f03e81a05e9\"\t\t\t><img title=\"01b-Turmvilla-scaled\"\n\t\t\t\talt=\"01b-Turmvilla-scaled\"\n\t\t\t\tsrc=\"https:\/\/buero-pradel.de\/wp-content\/gallery\/01\/thumbs\/thumbs-01b-Turmvilla-scaled.jpg\"\n\t\t\t\twidth=\"300\"\n\t\t\t\theight=\"225\"\n\t\t\t\/><\/a>\n\t\t\t<a href=\"https:\/\/buero-pradel.de\/wp-content\/gallery\/01\/01a-Turmvilla-scaled.jpg\"\n\t\t\ttitle=\" \"\n\t\t\tdata-image-id='18'\n\t\t\t\t\t\t\t\t\t\t\t\t\t\t\tclass=\"ngg-simplelightbox\" rel=\"1865443044e8a87bd12d1f03e81a05e9\"\t\t\t><img title=\"01a-Turmvilla-scaled\"\n\t\t\t\talt=\"01a-Turmvilla-scaled\"\n\t\t\t\tsrc=\"https:\/\/buero-pradel.de\/wp-content\/gallery\/01\/thumbs\/thumbs-01a-Turmvilla-scaled.jpg\"\n\t\t\t\twidth=\"300\"\n\t\t\t\theight=\"225\"\n\t\t\t\/><\/a>\n\t<\/div>\n\n<\/div><\/div><\/div><\/div><\/div>","protected":false},"excerpt":{"rendered":"<p>Turmvilla Baujahr1868-1870 als Villa Henckel (denkmalgesch\u00fctzt) ArchitektEduard Titz, Friedrich Ernst Petzholtz StadtteilPotsdam-Stadt Eigent\u00fcmerprivat Nutzung(vormals Pflegeheim) Villa mit Ausstellungs- und Wohnr\u00e4umen LeistungObjektplanung und Bauleitung Innenausbau, Technische Anlagen und \u00c4u\u00dfere H\u00fclle von 2012-2014 Bestandsaufma\u00df; Machbarkeitsstudien f\u00fcr unterschiedliche Nutzungsarten; Bauaufsichtliche und Denkmalrechtliche Genehmigung Umnutzung zum Wohnhaus; Ausf\u00fchrungsplanung, Ausschreibung; Bauleitung und Baubetreuung; Haupt- und Nebengeb\u00e4ude sowei Einfriedungen &nbsp;<\/p>\n","protected":false},"author":1,"featured_media":0,"parent":0,"menu_order":0,"comment_status":"closed","ping_status":"closed","template":"templates\/template-full.php","meta":{"ngg_post_thumbnail":0,"footnotes":""},"class_list":["post-369","page","type-page","status-publish","hentry","post"],"_links":{"self":[{"href":"https:\/\/buero-pradel.de\/index.php?rest_route=\/wp\/v2\/pages\/369","targetHints":{"allow":["GET"]}}],"collection":[{"href":"https:\/\/buero-pradel.de\/index.php?rest_route=\/wp\/v2\/pages"}],"about":[{"href":"https:\/\/buero-pradel.de\/index.php?rest_route=\/wp\/v2\/types\/page"}],"author":[{"embeddable":true,"href":"https:\/\/buero-pradel.de\/index.php?rest_route=\/wp\/v2\/users\/1"}],"replies":[{"embeddable":true,"href":"https:\/\/buero-pradel.de\/index.php?rest_route=%2Fwp%2Fv2%2Fcomments&post=369"}],"version-history":[{"count":8,"href":"https:\/\/buero-pradel.de\/index.php?rest_route=\/wp\/v2\/pages\/369\/revisions"}],"predecessor-version":[{"id":511,"href":"https:\/\/buero-pradel.de\/index.php?rest_route=\/wp\/v2\/pages\/369\/revisions\/511"}],"wp:attachment":[{"href":"https:\/\/buero-pradel.de\/index.php?rest_route=%2Fwp%2Fv2%2Fmedia&parent=369"}],"curies":[{"name":"wp","href":"https:\/\/api.w.org\/{rel}","templated":true}]}}