{"id":216,"date":"2024-01-24T19:57:59","date_gmt":"2024-01-24T18:57:59","guid":{"rendered":"http:\/\/buero-pradel.de\/wordpress\/?page_id=216"},"modified":"2024-06-07T14:01:59","modified_gmt":"2024-06-07T12:01:59","slug":"datenschutzerklaerung-2","status":"publish","type":"page","link":"https:\/\/buero-pradel.de\/?page_id=216","title":{"rendered":"Datenschutzerklaerung"},"content":{"rendered":"\n<p><strong>DATENSCHUTZERKL\u00c4RUNG<\/strong><\/p>\n\n\n\n<p><\/p>\n\n\n\n<p>Wir verarbeiten im Rahmen von Auftr\u00e4gen sowie durch den Betrieb dieser Website personenbezogene Daten von betroffenen Personen im Sinne der Datenschutzgrund-verordnung (DSGVO). Sogenannte betroffene Personen im Sinne der DSGVO k\u00f6nnen (potentielle) Auftraggeber, Gesch\u00e4ftspartner sowie Websitebesucher sein.<\/p>\n\n\n\n<p><strong>Verantwortliche Stelle<\/strong><\/p>\n\n\n\n<p>Ingenieurb\u00fcro Pradel GbR&nbsp;<br>Wolf Pradel&nbsp;<br>Beelitzer Weg 19A&nbsp;<br>14552 Michendorf<\/p>\n\n\n\n<p>E-Mail: <a href=\"mailto:info@buero-pradel.de\">info@buero-pradel.de<\/a><\/p>\n\n\n\n<p><strong>Zwecke der Datenverarbeitung<\/strong><\/p>\n\n\n\n<ul class=\"wp-block-list\">\n<li>Betrieb der Website und technische Administration<\/li>\n<\/ul>\n\n\n\n<p>Beim Besuch unserer Website erheben wir automatisch bestimmte Daten, darunter die IP-Adresse, Datum und Uhrzeit des Zugriffs, Browsertyp und Betriebssystem. Wir verarbeiten diese Daten, um die Funktionsf\u00e4higkeit der Website zu gew\u00e4hrleisten und die Systemsicherheit zu verbessern.<\/p>\n\n\n\n<p>(Rechtsgrundlage: Art. 6 Abs. 1 S. 1 Buchstabe f) DSGVO)<\/p>\n\n\n\n<ul class=\"wp-block-list\">\n<li>Kontaktaufnahme<\/li>\n<\/ul>\n\n\n\n<p>Wenn Sie uns per E-Mail kontaktieren, speichern wir die von Ihnen \u00fcbermittelten personenbezogenen Daten (z.B. Name, E-Mail-Adresse), um Ihre Anfrage zu bearbeiten.<\/p>\n\n\n\n<p>(Rechtsgrundlage: Art. 6 Abs. 1 S. 1 Buchstabe b) DSGVO)<\/p>\n\n\n\n<ul class=\"wp-block-list\">\n<li>Auftragsdurchf\u00fchrung<\/li>\n<\/ul>\n\n\n\n<p>Im Rahmen von Auftragsanbahnungen und -abwicklungen verarbeiten wir Ihre personenbezogenen Daten (z.B. Name, Geburtsdatum, Anschrift, Kontaktdaten und gegebenenfalls Kontodaten), um unsere vertraglichen Pflichten zu erf\u00fcllen und vorvertragliche Ma\u00dfnahmen durchzuf\u00fchren.<\/p>\n\n\n\n<p>(Rechtsgrundlage: Art. 6 Abs. 1 S. 1 Buchstabe b) DSGVO)<\/p>\n\n\n\n<ul class=\"wp-block-list\">\n<li>Gesetzliche Aufbewahrungsfristen f\u00fcr Unterlagen<\/li>\n<\/ul>\n\n\n\n<p>Wir bewahren Ihre personenbezogenen Daten so lange auf, wie es f\u00fcr die Erf\u00fcllung der oben genannten Zwecke erforderlich ist oder wie es gesetzliche Vorschriften vorsehen. Insbesondere nach der Auftragsdurchf\u00fchrung sind wir gesetzlich verpflichtet, die Unterlagen, die Ihre personenbezogenen Daten enthalten k\u00f6nnen, bis zu 10 Jahre aufzubewahren (z.B. nach \u00a7 147 AO).<\/p>\n\n\n\n<p>(Rechtsgrundlage: Art. 6 Abs. 1 S. 1 Buchstabe c) DSGVO)<\/p>\n\n\n\n<p><strong>Rechte der betroffenen Personen<\/strong><\/p>\n\n\n\n<ul class=\"wp-block-list\">\n<li>Recht auf Auskunft (Art. 15 DSGVO)<\/li>\n<\/ul>\n\n\n\n<p>Sie haben das Recht, Auskunft dar\u00fcber zu verlangen, ob und welche personenbezogenen Daten wir von Ihnen verarbeiten.<\/p>\n\n\n\n<ul class=\"wp-block-list\">\n<li>Recht auf Berichtigung (Art. 16 DSGVO)<\/li>\n<\/ul>\n\n\n\n<p>Sie k\u00f6nnen die Berichtigung unrichtiger oder die Vervollst\u00e4ndigung unvollst\u00e4ndiger Daten verlangen.<\/p>\n\n\n\n<ul class=\"wp-block-list\">\n<li>Recht auf L\u00f6schung (Art. 17 DSGVO)<\/li>\n<\/ul>\n\n\n\n<p>Unter bestimmten Voraussetzungen k\u00f6nnen Sie die L\u00f6schung Ihrer personenbezogenen Daten verlangen.<\/p>\n\n\n\n<ul class=\"wp-block-list\">\n<li>Recht auf Einschr\u00e4nkung der Verarbeitung (Art. 18 DSGVO)<\/li>\n<\/ul>\n\n\n\n<p>Sie haben das Recht, die Einschr\u00e4nkung der Verarbeitung Ihrer personenbezogenen Daten zu verlangen.<\/p>\n\n\n\n<ul class=\"wp-block-list\">\n<li>Recht auf Daten\u00fcbertragbarkeit (Art. 20 DSGVO)<\/li>\n<\/ul>\n\n\n\n<p>Sie haben das Recht, Ihre personenbezogenen Daten in einem strukturierten, g\u00e4ngigen und maschinenlesbaren Format zu erhalten und deren \u00dcbermittlung an einen anderen Verantwortlichen zu verlangen.<\/p>\n\n\n\n<ul class=\"wp-block-list\">\n<li>Recht auf Widerspruch (Art. 21 DSGVO)<\/li>\n<\/ul>\n\n\n\n<p>Sie k\u00f6nnen der Verarbeitung Ihrer personenbezogenen Daten widersprechen, wenn die Verarbeitung auf Art. 6 Abs. 1 S. 1 Buchstabe f) DSGVO beruht und sich aus Ihrer besonderen Situation Gr\u00fcnde gegen die Verarbeitung ergeben.<\/p>\n\n\n\n<ul class=\"wp-block-list\">\n<li>Recht auf Beschwerde (Art. 77 DSGVO)<\/li>\n<\/ul>\n\n\n\n<p>Wenn Sie der Ansicht sind, dass die Verarbeitung Ihrer personenbezogenen Daten gegen die DSGVO verst\u00f6\u00dft, haben Sie das Recht, sich bei einer Aufsichtsbeh\u00f6rde zu beschweren. Die f\u00fcr uns zust\u00e4ndige Aufsichtsbeh\u00f6rde ist:<\/p>\n\n\n\n<p>Landesbeauftragte f\u00fcr den Datenschutz und f\u00fcr das Recht auf Akteneinsicht Brandenburg<\/p>\n\n\n\n<p>Stahnsdorfer Damm 77<\/p>\n\n\n\n<p>14532 Kleinmachnow<br>Telefon: 033203\/356-0<br>Telefax: 033203\/356-49<br>E-Mail: Poststelle@LDA.Brandenburg.de<br><\/p>\n\n\n\n<p>Stand: Mai 2024<\/p>\n","protected":false},"excerpt":{"rendered":"<p>DATENSCHUTZERKL\u00c4RUNG Wir verarbeiten im Rahmen von Auftr\u00e4gen sowie durch den Betrieb dieser Website personenbezogene Daten von betroffenen Personen im Sinne der Datenschutzgrund-verordnung (DSGVO). Sogenannte betroffene Personen im Sinne der DSGVO k\u00f6nnen (potentielle) Auftraggeber, Gesch\u00e4ftspartner sowie Websitebesucher sein. Verantwortliche Stelle Ingenieurb\u00fcro Pradel GbR&nbsp;Wolf Pradel&nbsp;Beelitzer Weg 19A&nbsp;14552 Michendorf E-Mail: info@buero-pradel.de Zwecke der Datenverarbeitung Beim Besuch unserer Website [&hellip;]<\/p>\n","protected":false},"author":1,"featured_media":0,"parent":129,"menu_order":0,"comment_status":"closed","ping_status":"closed","template":"","meta":{"ngg_post_thumbnail":0,"footnotes":""},"class_list":["post-216","page","type-page","status-publish","hentry","post"],"_links":{"self":[{"href":"https:\/\/buero-pradel.de\/index.php?rest_route=\/wp\/v2\/pages\/216","targetHints":{"allow":["GET"]}}],"collection":[{"href":"https:\/\/buero-pradel.de\/index.php?rest_route=\/wp\/v2\/pages"}],"about":[{"href":"https:\/\/buero-pradel.de\/index.php?rest_route=\/wp\/v2\/types\/page"}],"author":[{"embeddable":true,"href":"https:\/\/buero-pradel.de\/index.php?rest_route=\/wp\/v2\/users\/1"}],"replies":[{"embeddable":true,"href":"https:\/\/buero-pradel.de\/index.php?rest_route=%2Fwp%2Fv2%2Fcomments&post=216"}],"version-history":[{"count":12,"href":"https:\/\/buero-pradel.de\/index.php?rest_route=\/wp\/v2\/pages\/216\/revisions"}],"predecessor-version":[{"id":643,"href":"https:\/\/buero-pradel.de\/index.php?rest_route=\/wp\/v2\/pages\/216\/revisions\/643"}],"up":[{"embeddable":true,"href":"https:\/\/buero-pradel.de\/index.php?rest_route=\/wp\/v2\/pages\/129"}],"wp:attachment":[{"href":"https:\/\/buero-pradel.de\/index.php?rest_route=%2Fwp%2Fv2%2Fmedia&parent=216"}],"curies":[{"name":"wp","href":"https:\/\/api.w.org\/{rel}","templated":true}]}}